{"id":198,"date":"2023-03-29T16:58:58","date_gmt":"2023-03-29T14:58:58","guid":{"rendered":"https:\/\/www.eurotsc.com\/home\/"},"modified":"2026-03-04T11:49:43","modified_gmt":"2026-03-04T10:49:43","slug":"home","status":"publish","type":"page","link":"https:\/\/www.eurotsc.com\/de\/","title":{"rendered":"Home"},"content":{"rendered":"<p>Spezialisten f\u00fcr die Herstellung von Bands\u00e4gen f\u00fcr das Bauwesen bzw. den Holzbau<\/p>\n","protected":false},"excerpt":{"rendered":"<p>Spezialisten f\u00fcr die Herstellung von Bands\u00e4gen f\u00fcr das Bauwesen bzw. den Holzbau<\/p>\n","protected":false},"author":2,"featured_media":145,"parent":0,"menu_order":0,"comment_status":"closed","ping_status":"closed","template":"index.php","meta":{"_acf_changed":false,"inline_featured_image":false,"footnotes":""},"class_list":["post-198","page","type-page","status-publish","has-post-thumbnail","hentry"],"acf":[],"yoast_head":"<!-- This site is optimized with the Yoast SEO plugin v27.4 - https:\/\/yoast.com\/product\/yoast-seo-wordpress\/ -->\n<title>Euro TSC - Innovationen f\u00fcr pr\u00e4zises schneiden<\/title>\n<meta name=\"description\" content=\"EURO TSC produziert technisch hochwertige, zertifizierte Bands\u00e4gen, deren Leistung durch patentierte Innovationen gesteigert wird.\" \/>\n<meta name=\"robots\" content=\"index, follow, max-snippet:-1, max-image-preview:large, max-video-preview:-1\" \/>\n<link rel=\"canonical\" href=\"https:\/\/www.eurotsc.com\/de\/\" \/>\n<meta property=\"og:locale\" content=\"de_DE\" \/>\n<meta property=\"og:type\" content=\"article\" \/>\n<meta property=\"og:title\" content=\"Euro TSC - Innovationen f\u00fcr pr\u00e4zises schneiden\" \/>\n<meta property=\"og:description\" content=\"EURO TSC produziert technisch hochwertige, zertifizierte Bands\u00e4gen, deren Leistung durch patentierte Innovationen gesteigert wird.\" \/>\n<meta property=\"og:url\" content=\"https:\/\/www.eurotsc.com\/de\/\" \/>\n<meta property=\"og:site_name\" content=\"Euro TSC\" \/>\n<meta property=\"article:modified_time\" content=\"2026-03-04T10:49:43+00:00\" \/>\n<meta property=\"og:image\" content=\"https:\/\/www.eurotsc.com\/wp-content\/uploads\/2023\/04\/eurotsc-homepage.jpg\" \/>\n\t<meta property=\"og:image:width\" content=\"1920\" \/>\n\t<meta property=\"og:image:height\" content=\"1080\" \/>\n\t<meta property=\"og:image:type\" content=\"image\/jpeg\" \/>\n<meta name=\"twitter:card\" content=\"summary_large_image\" \/>\n<meta name=\"twitter:label1\" content=\"Gesch\u00e4tzte Lesezeit\" \/>\n\t<meta name=\"twitter:data1\" content=\"1 minute\" \/>\n<script type=\"application\/ld+json\" class=\"yoast-schema-graph\">{\"@context\":\"https:\\\/\\\/schema.org\",\"@graph\":[{\"@type\":\"WebPage\",\"@id\":\"https:\\\/\\\/www.eurotsc.com\\\/de\\\/\",\"url\":\"https:\\\/\\\/www.eurotsc.com\\\/de\\\/\",\"name\":\"Euro TSC - Innovationen f\u00fcr pr\u00e4zises schneiden\",\"isPartOf\":{\"@id\":\"https:\\\/\\\/www.eurotsc.com\\\/de\\\/#website\"},\"primaryImageOfPage\":{\"@id\":\"https:\\\/\\\/www.eurotsc.com\\\/de\\\/#primaryimage\"},\"image\":{\"@id\":\"https:\\\/\\\/www.eurotsc.com\\\/de\\\/#primaryimage\"},\"thumbnailUrl\":\"https:\\\/\\\/www.eurotsc.com\\\/wp-content\\\/uploads\\\/2023\\\/04\\\/eurotsc-homepage.jpg\",\"datePublished\":\"2023-03-29T14:58:58+00:00\",\"dateModified\":\"2026-03-04T10:49:43+00:00\",\"description\":\"EURO TSC produziert technisch hochwertige, zertifizierte Bands\u00e4gen, deren Leistung durch patentierte Innovationen gesteigert wird.\",\"breadcrumb\":{\"@id\":\"https:\\\/\\\/www.eurotsc.com\\\/de\\\/#breadcrumb\"},\"inLanguage\":\"de-DE\",\"potentialAction\":[{\"@type\":\"ReadAction\",\"target\":[\"https:\\\/\\\/www.eurotsc.com\\\/de\\\/\"]}]},{\"@type\":\"ImageObject\",\"inLanguage\":\"de-DE\",\"@id\":\"https:\\\/\\\/www.eurotsc.com\\\/de\\\/#primaryimage\",\"url\":\"https:\\\/\\\/www.eurotsc.com\\\/wp-content\\\/uploads\\\/2023\\\/04\\\/eurotsc-homepage.jpg\",\"contentUrl\":\"https:\\\/\\\/www.eurotsc.com\\\/wp-content\\\/uploads\\\/2023\\\/04\\\/eurotsc-homepage.jpg\",\"width\":1920,\"height\":1080},{\"@type\":\"BreadcrumbList\",\"@id\":\"https:\\\/\\\/www.eurotsc.com\\\/de\\\/#breadcrumb\",\"itemListElement\":[{\"@type\":\"ListItem\",\"position\":1,\"name\":\"Home\",\"item\":\"https:\\\/\\\/www.eurotsc.com\\\/de\\\/\"},{\"@type\":\"ListItem\",\"position\":2,\"name\":\"Home\"}]},{\"@type\":\"WebSite\",\"@id\":\"https:\\\/\\\/www.eurotsc.com\\\/de\\\/#website\",\"url\":\"https:\\\/\\\/www.eurotsc.com\\\/de\\\/\",\"name\":\"Euro TSC\",\"description\":\"Innovationen f\u00fcr pr\u00e4zises schneiden\",\"potentialAction\":[{\"@type\":\"SearchAction\",\"target\":{\"@type\":\"EntryPoint\",\"urlTemplate\":\"https:\\\/\\\/www.eurotsc.com\\\/de\\\/?s={search_term_string}\"},\"query-input\":{\"@type\":\"PropertyValueSpecification\",\"valueRequired\":true,\"valueName\":\"search_term_string\"}}],\"inLanguage\":\"de-DE\"}]}<\/script>\n<!-- \/ Yoast SEO plugin. -->","yoast_head_json":{"title":"Euro TSC - Innovationen f\u00fcr pr\u00e4zises schneiden","description":"EURO TSC produziert technisch hochwertige, zertifizierte Bands\u00e4gen, deren Leistung durch patentierte Innovationen gesteigert wird.","robots":{"index":"index","follow":"follow","max-snippet":"max-snippet:-1","max-image-preview":"max-image-preview:large","max-video-preview":"max-video-preview:-1"},"canonical":"https:\/\/www.eurotsc.com\/de\/","og_locale":"de_DE","og_type":"article","og_title":"Euro TSC - Innovationen f\u00fcr pr\u00e4zises schneiden","og_description":"EURO TSC produziert technisch hochwertige, zertifizierte Bands\u00e4gen, deren Leistung durch patentierte Innovationen gesteigert wird.","og_url":"https:\/\/www.eurotsc.com\/de\/","og_site_name":"Euro TSC","article_modified_time":"2026-03-04T10:49:43+00:00","og_image":[{"width":1920,"height":1080,"url":"https:\/\/www.eurotsc.com\/wp-content\/uploads\/2023\/04\/eurotsc-homepage.jpg","type":"image\/jpeg"}],"twitter_card":"summary_large_image","twitter_misc":{"Gesch\u00e4tzte Lesezeit":"1 minute"},"schema":{"@context":"https:\/\/schema.org","@graph":[{"@type":"WebPage","@id":"https:\/\/www.eurotsc.com\/de\/","url":"https:\/\/www.eurotsc.com\/de\/","name":"Euro TSC - Innovationen f\u00fcr pr\u00e4zises schneiden","isPartOf":{"@id":"https:\/\/www.eurotsc.com\/de\/#website"},"primaryImageOfPage":{"@id":"https:\/\/www.eurotsc.com\/de\/#primaryimage"},"image":{"@id":"https:\/\/www.eurotsc.com\/de\/#primaryimage"},"thumbnailUrl":"https:\/\/www.eurotsc.com\/wp-content\/uploads\/2023\/04\/eurotsc-homepage.jpg","datePublished":"2023-03-29T14:58:58+00:00","dateModified":"2026-03-04T10:49:43+00:00","description":"EURO TSC produziert technisch hochwertige, zertifizierte Bands\u00e4gen, deren Leistung durch patentierte Innovationen gesteigert wird.","breadcrumb":{"@id":"https:\/\/www.eurotsc.com\/de\/#breadcrumb"},"inLanguage":"de-DE","potentialAction":[{"@type":"ReadAction","target":["https:\/\/www.eurotsc.com\/de\/"]}]},{"@type":"ImageObject","inLanguage":"de-DE","@id":"https:\/\/www.eurotsc.com\/de\/#primaryimage","url":"https:\/\/www.eurotsc.com\/wp-content\/uploads\/2023\/04\/eurotsc-homepage.jpg","contentUrl":"https:\/\/www.eurotsc.com\/wp-content\/uploads\/2023\/04\/eurotsc-homepage.jpg","width":1920,"height":1080},{"@type":"BreadcrumbList","@id":"https:\/\/www.eurotsc.com\/de\/#breadcrumb","itemListElement":[{"@type":"ListItem","position":1,"name":"Home","item":"https:\/\/www.eurotsc.com\/de\/"},{"@type":"ListItem","position":2,"name":"Home"}]},{"@type":"WebSite","@id":"https:\/\/www.eurotsc.com\/de\/#website","url":"https:\/\/www.eurotsc.com\/de\/","name":"Euro TSC","description":"Innovationen f\u00fcr pr\u00e4zises schneiden","potentialAction":[{"@type":"SearchAction","target":{"@type":"EntryPoint","urlTemplate":"https:\/\/www.eurotsc.com\/de\/?s={search_term_string}"},"query-input":{"@type":"PropertyValueSpecification","valueRequired":true,"valueName":"search_term_string"}}],"inLanguage":"de-DE"}]}},"_links":{"self":[{"href":"https:\/\/www.eurotsc.com\/de\/wp-json\/wp\/v2\/pages\/198","targetHints":{"allow":["GET"]}}],"collection":[{"href":"https:\/\/www.eurotsc.com\/de\/wp-json\/wp\/v2\/pages"}],"about":[{"href":"https:\/\/www.eurotsc.com\/de\/wp-json\/wp\/v2\/types\/page"}],"author":[{"embeddable":true,"href":"https:\/\/www.eurotsc.com\/de\/wp-json\/wp\/v2\/users\/2"}],"replies":[{"embeddable":true,"href":"https:\/\/www.eurotsc.com\/de\/wp-json\/wp\/v2\/comments?post=198"}],"version-history":[{"count":8,"href":"https:\/\/www.eurotsc.com\/de\/wp-json\/wp\/v2\/pages\/198\/revisions"}],"predecessor-version":[{"id":1489,"href":"https:\/\/www.eurotsc.com\/de\/wp-json\/wp\/v2\/pages\/198\/revisions\/1489"}],"wp:featuredmedia":[{"embeddable":true,"href":"https:\/\/www.eurotsc.com\/de\/wp-json\/wp\/v2\/media\/145"}],"wp:attachment":[{"href":"https:\/\/www.eurotsc.com\/de\/wp-json\/wp\/v2\/media?parent=198"}],"curies":[{"name":"wp","href":"https:\/\/api.w.org\/{rel}","templated":true}]}}