{"id":194,"date":"2023-03-29T16:58:58","date_gmt":"2023-03-29T14:58:58","guid":{"rendered":"https:\/\/www.eurotsc.com\/home\/"},"modified":"2026-03-04T11:48:41","modified_gmt":"2026-03-04T10:48:41","slug":"home","status":"publish","type":"page","link":"https:\/\/www.eurotsc.com\/fr\/","title":{"rendered":"Home"},"content":{"rendered":"<p>Sp\u00e9cialistes en production de scies \u00e0 ruban dans les secteurs de la construction et du bois<\/p>\n","protected":false},"excerpt":{"rendered":"<p>Sp\u00e9cialistes en production de scies \u00e0 ruban dans les secteurs de la [&hellip;]<\/p>\n","protected":false},"author":2,"featured_media":145,"parent":0,"menu_order":0,"comment_status":"closed","ping_status":"closed","template":"index.php","meta":{"_acf_changed":false,"inline_featured_image":false,"footnotes":""},"class_list":["post-194","page","type-page","status-publish","has-post-thumbnail","hentry"],"acf":[],"yoast_head":"<!-- This site is optimized with the Yoast SEO plugin v27.4 - https:\/\/yoast.com\/product\/yoast-seo-wordpress\/ -->\n<title>Euro TSC - L&#039;innovation dans la coupe de pr\u00e9cision<\/title>\n<meta name=\"description\" content=\"EURO TSC produit des scies \u00e0 ruban technologiquement avanc\u00e9es pour le bois et la construction\" \/>\n<meta name=\"robots\" content=\"index, follow, max-snippet:-1, max-image-preview:large, max-video-preview:-1\" \/>\n<link rel=\"canonical\" href=\"https:\/\/www.eurotsc.com\/fr\/\" \/>\n<meta property=\"og:locale\" content=\"fr_FR\" \/>\n<meta property=\"og:type\" content=\"article\" \/>\n<meta property=\"og:title\" content=\"Euro TSC - L&#039;innovation dans la coupe de pr\u00e9cision\" \/>\n<meta property=\"og:description\" content=\"EURO TSC produit des scies \u00e0 ruban technologiquement avanc\u00e9es pour le bois et la construction\" \/>\n<meta property=\"og:url\" content=\"https:\/\/www.eurotsc.com\/fr\/\" \/>\n<meta property=\"og:site_name\" content=\"Euro TSC\" \/>\n<meta property=\"article:modified_time\" content=\"2026-03-04T10:48:41+00:00\" \/>\n<meta property=\"og:image\" content=\"https:\/\/www.eurotsc.com\/wp-content\/uploads\/2023\/04\/eurotsc-homepage.jpg\" \/>\n\t<meta property=\"og:image:width\" content=\"1920\" \/>\n\t<meta property=\"og:image:height\" content=\"1080\" \/>\n\t<meta property=\"og:image:type\" content=\"image\/jpeg\" \/>\n<meta name=\"twitter:card\" content=\"summary_large_image\" \/>\n<meta name=\"twitter:label1\" content=\"Dur\u00e9e de lecture estim\u00e9e\" \/>\n\t<meta name=\"twitter:data1\" content=\"1 minute\" \/>\n<script type=\"application\/ld+json\" class=\"yoast-schema-graph\">{\"@context\":\"https:\\\/\\\/schema.org\",\"@graph\":[{\"@type\":\"WebPage\",\"@id\":\"https:\\\/\\\/www.eurotsc.com\\\/fr\\\/\",\"url\":\"https:\\\/\\\/www.eurotsc.com\\\/fr\\\/\",\"name\":\"Euro TSC - L&#039;innovation dans la coupe de pr\u00e9cision\",\"isPartOf\":{\"@id\":\"https:\\\/\\\/www.eurotsc.com\\\/fr\\\/#website\"},\"primaryImageOfPage\":{\"@id\":\"https:\\\/\\\/www.eurotsc.com\\\/fr\\\/#primaryimage\"},\"image\":{\"@id\":\"https:\\\/\\\/www.eurotsc.com\\\/fr\\\/#primaryimage\"},\"thumbnailUrl\":\"https:\\\/\\\/www.eurotsc.com\\\/wp-content\\\/uploads\\\/2023\\\/04\\\/eurotsc-homepage.jpg\",\"datePublished\":\"2023-03-29T14:58:58+00:00\",\"dateModified\":\"2026-03-04T10:48:41+00:00\",\"description\":\"EURO TSC produit des scies \u00e0 ruban technologiquement avanc\u00e9es pour le bois et la construction\",\"breadcrumb\":{\"@id\":\"https:\\\/\\\/www.eurotsc.com\\\/fr\\\/#breadcrumb\"},\"inLanguage\":\"fr-FR\",\"potentialAction\":[{\"@type\":\"ReadAction\",\"target\":[\"https:\\\/\\\/www.eurotsc.com\\\/fr\\\/\"]}]},{\"@type\":\"ImageObject\",\"inLanguage\":\"fr-FR\",\"@id\":\"https:\\\/\\\/www.eurotsc.com\\\/fr\\\/#primaryimage\",\"url\":\"https:\\\/\\\/www.eurotsc.com\\\/wp-content\\\/uploads\\\/2023\\\/04\\\/eurotsc-homepage.jpg\",\"contentUrl\":\"https:\\\/\\\/www.eurotsc.com\\\/wp-content\\\/uploads\\\/2023\\\/04\\\/eurotsc-homepage.jpg\",\"width\":1920,\"height\":1080},{\"@type\":\"BreadcrumbList\",\"@id\":\"https:\\\/\\\/www.eurotsc.com\\\/fr\\\/#breadcrumb\",\"itemListElement\":[{\"@type\":\"ListItem\",\"position\":1,\"name\":\"Home\",\"item\":\"https:\\\/\\\/www.eurotsc.com\\\/fr\\\/\"},{\"@type\":\"ListItem\",\"position\":2,\"name\":\"Home\"}]},{\"@type\":\"WebSite\",\"@id\":\"https:\\\/\\\/www.eurotsc.com\\\/fr\\\/#website\",\"url\":\"https:\\\/\\\/www.eurotsc.com\\\/fr\\\/\",\"name\":\"Euro TSC\",\"description\":\"L&#039;innovation dans la coupe de pr\u00e9cision\",\"potentialAction\":[{\"@type\":\"SearchAction\",\"target\":{\"@type\":\"EntryPoint\",\"urlTemplate\":\"https:\\\/\\\/www.eurotsc.com\\\/fr\\\/?s={search_term_string}\"},\"query-input\":{\"@type\":\"PropertyValueSpecification\",\"valueRequired\":true,\"valueName\":\"search_term_string\"}}],\"inLanguage\":\"fr-FR\"}]}<\/script>\n<!-- \/ Yoast SEO plugin. -->","yoast_head_json":{"title":"Euro TSC - L&#039;innovation dans la coupe de pr\u00e9cision","description":"EURO TSC produit des scies \u00e0 ruban technologiquement avanc\u00e9es pour le bois et la construction","robots":{"index":"index","follow":"follow","max-snippet":"max-snippet:-1","max-image-preview":"max-image-preview:large","max-video-preview":"max-video-preview:-1"},"canonical":"https:\/\/www.eurotsc.com\/fr\/","og_locale":"fr_FR","og_type":"article","og_title":"Euro TSC - L&#039;innovation dans la coupe de pr\u00e9cision","og_description":"EURO TSC produit des scies \u00e0 ruban technologiquement avanc\u00e9es pour le bois et la construction","og_url":"https:\/\/www.eurotsc.com\/fr\/","og_site_name":"Euro TSC","article_modified_time":"2026-03-04T10:48:41+00:00","og_image":[{"width":1920,"height":1080,"url":"https:\/\/www.eurotsc.com\/wp-content\/uploads\/2023\/04\/eurotsc-homepage.jpg","type":"image\/jpeg"}],"twitter_card":"summary_large_image","twitter_misc":{"Dur\u00e9e de lecture estim\u00e9e":"1 minute"},"schema":{"@context":"https:\/\/schema.org","@graph":[{"@type":"WebPage","@id":"https:\/\/www.eurotsc.com\/fr\/","url":"https:\/\/www.eurotsc.com\/fr\/","name":"Euro TSC - L&#039;innovation dans la coupe de pr\u00e9cision","isPartOf":{"@id":"https:\/\/www.eurotsc.com\/fr\/#website"},"primaryImageOfPage":{"@id":"https:\/\/www.eurotsc.com\/fr\/#primaryimage"},"image":{"@id":"https:\/\/www.eurotsc.com\/fr\/#primaryimage"},"thumbnailUrl":"https:\/\/www.eurotsc.com\/wp-content\/uploads\/2023\/04\/eurotsc-homepage.jpg","datePublished":"2023-03-29T14:58:58+00:00","dateModified":"2026-03-04T10:48:41+00:00","description":"EURO TSC produit des scies \u00e0 ruban technologiquement avanc\u00e9es pour le bois et la construction","breadcrumb":{"@id":"https:\/\/www.eurotsc.com\/fr\/#breadcrumb"},"inLanguage":"fr-FR","potentialAction":[{"@type":"ReadAction","target":["https:\/\/www.eurotsc.com\/fr\/"]}]},{"@type":"ImageObject","inLanguage":"fr-FR","@id":"https:\/\/www.eurotsc.com\/fr\/#primaryimage","url":"https:\/\/www.eurotsc.com\/wp-content\/uploads\/2023\/04\/eurotsc-homepage.jpg","contentUrl":"https:\/\/www.eurotsc.com\/wp-content\/uploads\/2023\/04\/eurotsc-homepage.jpg","width":1920,"height":1080},{"@type":"BreadcrumbList","@id":"https:\/\/www.eurotsc.com\/fr\/#breadcrumb","itemListElement":[{"@type":"ListItem","position":1,"name":"Home","item":"https:\/\/www.eurotsc.com\/fr\/"},{"@type":"ListItem","position":2,"name":"Home"}]},{"@type":"WebSite","@id":"https:\/\/www.eurotsc.com\/fr\/#website","url":"https:\/\/www.eurotsc.com\/fr\/","name":"Euro TSC","description":"L&#039;innovation dans la coupe de pr\u00e9cision","potentialAction":[{"@type":"SearchAction","target":{"@type":"EntryPoint","urlTemplate":"https:\/\/www.eurotsc.com\/fr\/?s={search_term_string}"},"query-input":{"@type":"PropertyValueSpecification","valueRequired":true,"valueName":"search_term_string"}}],"inLanguage":"fr-FR"}]}},"_links":{"self":[{"href":"https:\/\/www.eurotsc.com\/fr\/wp-json\/wp\/v2\/pages\/194","targetHints":{"allow":["GET"]}}],"collection":[{"href":"https:\/\/www.eurotsc.com\/fr\/wp-json\/wp\/v2\/pages"}],"about":[{"href":"https:\/\/www.eurotsc.com\/fr\/wp-json\/wp\/v2\/types\/page"}],"author":[{"embeddable":true,"href":"https:\/\/www.eurotsc.com\/fr\/wp-json\/wp\/v2\/users\/2"}],"replies":[{"embeddable":true,"href":"https:\/\/www.eurotsc.com\/fr\/wp-json\/wp\/v2\/comments?post=194"}],"version-history":[{"count":7,"href":"https:\/\/www.eurotsc.com\/fr\/wp-json\/wp\/v2\/pages\/194\/revisions"}],"predecessor-version":[{"id":1487,"href":"https:\/\/www.eurotsc.com\/fr\/wp-json\/wp\/v2\/pages\/194\/revisions\/1487"}],"wp:featuredmedia":[{"embeddable":true,"href":"https:\/\/www.eurotsc.com\/fr\/wp-json\/wp\/v2\/media\/145"}],"wp:attachment":[{"href":"https:\/\/www.eurotsc.com\/fr\/wp-json\/wp\/v2\/media?parent=194"}],"curies":[{"name":"wp","href":"https:\/\/api.w.org\/{rel}","templated":true}]}}